{"id":3611,"date":"2021-09-16T11:32:12","date_gmt":"2021-09-16T08:32:12","guid":{"rendered":"https:\/\/nyxbroker.com\/?page_id=3611"},"modified":"2021-09-16T11:33:09","modified_gmt":"2021-09-16T08:33:09","slug":"base-de-conocimientos","status":"publish","type":"page","link":"https:\/\/nyxbroker.com\/es\/base-de-conocimientos\/","title":{"rendered":"Base de conocimientos"},"content":{"rendered":"<p><div class=\"fusion-fullwidth fullwidth-box fusion-builder-row-1 fusion-flex-container nonhundred-percent-fullwidth non-hundred-percent-height-scrolling\" style=\"--awb-border-radius-top-left:0px;--awb-border-radius-top-right:0px;--awb-border-radius-bottom-right:0px;--awb-border-radius-bottom-left:0px;--awb-flex-wrap:wrap;\" ><div class=\"fusion-builder-row fusion-row fusion-flex-align-items-flex-start fusion-flex-content-wrap\" style=\"max-width:1248px;margin-left: calc(-4% \/ 2 );margin-right: calc(-4% \/ 2 );\"><div class=\"fusion-layout-column fusion_builder_column fusion-builder-column-0 fusion_builder_column_1_1 1_1 fusion-flex-column\" style=\"--awb-bg-size:cover;--awb-width-large:100%;--awb-margin-top-large:0px;--awb-spacing-right-large:1.92%;--awb-margin-bottom-large:20px;--awb-spacing-left-large:1.92%;--awb-width-medium:100%;--awb-order-medium:0;--awb-spacing-right-medium:1.92%;--awb-spacing-left-medium:1.92%;--awb-width-small:100%;--awb-order-small:0;--awb-spacing-right-small:1.92%;--awb-spacing-left-small:1.92%;\"><div class=\"fusion-column-wrapper fusion-column-has-shadow fusion-flex-justify-content-flex-start fusion-content-layout-column\"><div class=\"fusion-title title fusion-title-1 fusion-sep-none fusion-title-center fusion-title-text fusion-title-size-two\" style=\"--awb-text-color:#3a0ca3;--awb-font-size:28px;\"><h2 class=\"fusion-title-heading title-heading-center fusion-responsive-typography-calculated\" style=\"margin:0;font-size:1em;--fontSize:28;line-height:1.2;text-shadow:50px 5px 60px;\">Base de conocimientos?<\/h2><\/div><\/div><\/div><\/div><\/div><div class=\"fusion-fullwidth fullwidth-box fusion-builder-row-2 fusion-flex-container nonhundred-percent-fullwidth non-hundred-percent-height-scrolling\" style=\"--awb-border-radius-top-left:0px;--awb-border-radius-top-right:0px;--awb-border-radius-bottom-right:0px;--awb-border-radius-bottom-left:0px;--awb-flex-wrap:wrap;\" ><div class=\"fusion-builder-row fusion-row fusion-flex-align-items-flex-start fusion-flex-content-wrap\" style=\"max-width:1248px;margin-left: calc(-4% \/ 2 );margin-right: calc(-4% \/ 2 );\"><div class=\"fusion-layout-column fusion_builder_column fusion-builder-column-1 fusion_builder_column_1_1 1_1 fusion-flex-column\" style=\"--awb-bg-size:cover;--awb-width-large:100%;--awb-margin-top-large:0px;--awb-spacing-right-large:1.92%;--awb-margin-bottom-large:20px;--awb-spacing-left-large:1.92%;--awb-width-medium:100%;--awb-order-medium:0;--awb-spacing-right-medium:1.92%;--awb-spacing-left-medium:1.92%;--awb-width-small:100%;--awb-order-small:0;--awb-spacing-right-small:1.92%;--awb-spacing-left-small:1.92%;\"><div class=\"fusion-column-wrapper fusion-column-has-shadow fusion-flex-justify-content-flex-start fusion-content-layout-column\"><style type=\"text\/css\">.fusion-faqs-wrapper #accordian-1 .fusion-panel { border-color:#e2e2e2; }.fusion-faqs-wrapper #accordian-1 .fusion-panel:hover{ border-color: #e2e2e2; }.fusion-accordian #accordian-1 .panel-title a .fa-fusion-box:before{ font-size: 16px;width: 16px;}.fusion-accordian #accordian-1 .panel-title a .fa-fusion-box{ color: #073ac4;}.fusion-accordian  #accordian-1 .panel-title a{font-size:14px;font-family:\"Montserrat\";font-style:normal;font-weight:400;}.fusion-accordian  #accordian-1 .panel-title a:not(:hover){}.fusion-accordian  #accordian-1 .toggle-content{font-family:\"Montserrat\";font-style:normal;font-weight:400;}.fusion-accordian #accordian-1 .panel-title a:hover,.fusion-accordian #accordian-1 .panel-title a.hover { color: #2d323e;}.fusion-faq-shortcode .fusion-accordian #accordian-1 .fusion-toggle-boxed-mode:hover .panel-title a { color: #2d323e;}.fusion-accordian #accordian-1.fusion-toggle-icon-unboxed .panel-title a:hover .fa-fusion-box,.fusion-accordian #accordian-1.fusion-toggle-icon-unboxed .panel-title a.hover .fa-fusion-box { color: #2d323e; }<\/style><div class=\"fusion-faq-shortcode\" style=\"\"><ul role=\"menu\" class=\"fusion-filters clearfix\"><li role=\"presentation\" class=\"fusion-filter fusion-filter-all fusion-active\"><a role=\"menuitem\" data-filter=\"*\" href=\"#\">All<\/a><\/li><li role=\"presentation\" class=\"fusion-filter fusion-hidden\"><a role=\"menuitem\" data-filter=\".general-es\" href=\"#\">General<\/a><\/li><\/ul><div class=\"fusion-faqs-wrapper\"><div class=\"accordian fusion-accordian\"><div class=\"panel-group  fusion-toggle-icon-unboxed\" id=\"accordian-1\"><div class=\"fusion-panel panel-default fusion-faq-post fusion-faq-post-3571 general-es \"><span class=\"entry-title rich-snippet-hidden\">\u00bfCu\u00e1nto de mi capital deber\u00eda invertir en los mercados financieros?<\/span><span class=\"vcard rich-snippet-hidden\"><span class=\"fn\"><a href=\"https:\/\/nyxbroker.com\/es\/author\/admin\/\" title=\"Entradas de admin\" rel=\"author\">admin<\/a><\/span><\/span><span class=\"updated rich-snippet-hidden\">2021-09-16T11:27:45+03:00<\/span><div class=\"panel-heading\"><h4 id=\"faq_1-3571\" class=\"panel-title toggle\"><a data-toggle=\"collapse\" class=\"collapsed\" data-parent=\"#accordian-1\" data-target=\"#collapse-1-3571\" href=\"#collapse-1-3571\" aria-expanded=\"false\"><div class=\"fusion-toggle-icon-wrapper\"><div class=\"fusion-toggle-icon-wrapper-main\"><div class=\"fusion-toggle-icon-wrapper-sub\"><i class=\"fa-fusion-box active-icon awb-icon-minus\" aria-hidden=\"true\"><\/i><i class=\"fa-fusion-box inactive-icon awb-icon-plus\" aria-hidden=\"true\"><\/i><\/div><\/div><\/div><div class=\"fusion-toggle-heading\">\u00bfCu\u00e1nto de mi capital deber\u00eda invertir en los mercados financieros?<\/div><\/a><\/h4><\/div><div id=\"collapse-1-3571\" aria-labelledby=\"faq_1-3571\" class=\"panel-collapse collapse\"><div class=\"panel-body toggle-content post-content\"><p>Le sugerimos que ingrese hasta el 20% de su capital si no necesita ganar dinero en los pr\u00f3ximos tres meses.<\/p>\n<\/div><\/div><\/div><div class=\"fusion-panel panel-default fusion-faq-post fusion-faq-post-3578 general-es \"><span class=\"entry-title rich-snippet-hidden\">\u00bfCu\u00e1les son los tiempos y d\u00edas de negociaci\u00f3n?<\/span><span class=\"vcard rich-snippet-hidden\"><span class=\"fn\"><a href=\"https:\/\/nyxbroker.com\/es\/author\/admin\/\" title=\"Entradas de admin\" rel=\"author\">admin<\/a><\/span><\/span><span class=\"updated rich-snippet-hidden\">2021-09-16T11:28:12+03:00<\/span><div class=\"panel-heading\"><h4 id=\"faq_1-3578\" class=\"panel-title toggle\"><a data-toggle=\"collapse\" class=\"collapsed\" data-parent=\"#accordian-1\" data-target=\"#collapse-1-3578\" href=\"#collapse-1-3578\" aria-expanded=\"false\"><div class=\"fusion-toggle-icon-wrapper\"><div class=\"fusion-toggle-icon-wrapper-main\"><div class=\"fusion-toggle-icon-wrapper-sub\"><i class=\"fa-fusion-box active-icon awb-icon-minus\" aria-hidden=\"true\"><\/i><i class=\"fa-fusion-box inactive-icon awb-icon-plus\" aria-hidden=\"true\"><\/i><\/div><\/div><\/div><div class=\"fusion-toggle-heading\">\u00bfCu\u00e1les son los tiempos y d\u00edas de negociaci\u00f3n?<\/div><\/a><\/h4><\/div><div id=\"collapse-1-3578\" aria-labelledby=\"faq_1-3578\" class=\"panel-collapse collapse\"><div class=\"panel-body toggle-content post-content\"><p>Puede operar en Forex desde las 22:00 horas del domingo, hora del Reino Unido, hasta las 22:00 horas del viernes, hora del Reino Unido. Adem\u00e1s, puede encontrar un mercado de criptomonedas las 24 horas del d\u00eda, los 7 d\u00edas de la semana para operar en l\u00ednea.<\/p>\n<\/div><\/div><\/div><div class=\"fusion-panel panel-default fusion-faq-post fusion-faq-post-3584 general-es \"><span class=\"entry-title rich-snippet-hidden\">\u00bfSon rentables los mercados financieros?<\/span><span class=\"vcard rich-snippet-hidden\"><span class=\"fn\"><a href=\"https:\/\/nyxbroker.com\/es\/author\/admin\/\" title=\"Entradas de admin\" rel=\"author\">admin<\/a><\/span><\/span><span class=\"updated rich-snippet-hidden\">2021-09-16T11:28:16+03:00<\/span><div class=\"panel-heading\"><h4 id=\"faq_1-3584\" class=\"panel-title toggle\"><a data-toggle=\"collapse\" class=\"collapsed\" data-parent=\"#accordian-1\" data-target=\"#collapse-1-3584\" href=\"#collapse-1-3584\" aria-expanded=\"false\"><div class=\"fusion-toggle-icon-wrapper\"><div class=\"fusion-toggle-icon-wrapper-main\"><div class=\"fusion-toggle-icon-wrapper-sub\"><i class=\"fa-fusion-box active-icon awb-icon-minus\" aria-hidden=\"true\"><\/i><i class=\"fa-fusion-box inactive-icon awb-icon-plus\" aria-hidden=\"true\"><\/i><\/div><\/div><\/div><div class=\"fusion-toggle-heading\">\u00bfSon rentables los mercados financieros?<\/div><\/a><\/h4><\/div><div id=\"collapse-1-3584\" aria-labelledby=\"faq_1-3584\" class=\"panel-collapse collapse\"><div class=\"panel-body toggle-content post-content\"><p>Quiz\u00e1s se pregunte si existe un negocio rentable. Si est\u00e1 tratando de ganar dinero operando sin saber realmente o seguir un conjunto estricto de reglas, puede ser bastante imposible. Pero siguiendo un conjunto particular de reglas, puede obtener una ganancia razonable.<\/p>\n<\/div><\/div><\/div><div class=\"fusion-panel panel-default fusion-faq-post fusion-faq-post-3587 general-es \"><span class=\"entry-title rich-snippet-hidden\">\u00bfQu\u00e9 es el comercio de divisas?<\/span><span class=\"vcard rich-snippet-hidden\"><span class=\"fn\"><a href=\"https:\/\/nyxbroker.com\/es\/author\/admin\/\" title=\"Entradas de admin\" rel=\"author\">admin<\/a><\/span><\/span><span class=\"updated rich-snippet-hidden\">2021-09-16T11:28:22+03:00<\/span><div class=\"panel-heading\"><h4 id=\"faq_1-3587\" class=\"panel-title toggle\"><a data-toggle=\"collapse\" class=\"collapsed\" data-parent=\"#accordian-1\" data-target=\"#collapse-1-3587\" href=\"#collapse-1-3587\" aria-expanded=\"false\"><div class=\"fusion-toggle-icon-wrapper\"><div class=\"fusion-toggle-icon-wrapper-main\"><div class=\"fusion-toggle-icon-wrapper-sub\"><i class=\"fa-fusion-box active-icon awb-icon-minus\" aria-hidden=\"true\"><\/i><i class=\"fa-fusion-box inactive-icon awb-icon-plus\" aria-hidden=\"true\"><\/i><\/div><\/div><\/div><div class=\"fusion-toggle-heading\">\u00bfQu\u00e9 es el comercio de divisas?<\/div><\/a><\/h4><\/div><div id=\"collapse-1-3587\" aria-labelledby=\"faq_1-3587\" class=\"panel-collapse collapse\"><div class=\"panel-body toggle-content post-content\"><p>El tipo de cambio, tambi\u00e9n conocido como Forex o FX, es la compra simult\u00e1nea de una moneda y la venta de otra. El mercado Forex est\u00e1 disponible las 24 horas del d\u00eda, cinco d\u00edas a la semana, y es uno de los mercados financieros m\u00e1s l\u00edquidos del mundo.<\/p>\n<\/div><\/div><\/div><div class=\"fusion-panel panel-default fusion-faq-post fusion-faq-post-3589 general-es \"><span class=\"entry-title rich-snippet-hidden\">\u00bfLa negociaci\u00f3n en los mercados financieros se ajusta a mis caracter\u00edsticas?<\/span><span class=\"vcard rich-snippet-hidden\"><span class=\"fn\"><a href=\"https:\/\/nyxbroker.com\/es\/author\/admin\/\" title=\"Entradas de admin\" rel=\"author\">admin<\/a><\/span><\/span><span class=\"updated rich-snippet-hidden\">2021-09-16T11:28:26+03:00<\/span><div class=\"panel-heading\"><h4 id=\"faq_1-3589\" class=\"panel-title toggle\"><a data-toggle=\"collapse\" class=\"collapsed\" data-parent=\"#accordian-1\" data-target=\"#collapse-1-3589\" href=\"#collapse-1-3589\" aria-expanded=\"false\"><div class=\"fusion-toggle-icon-wrapper\"><div class=\"fusion-toggle-icon-wrapper-main\"><div class=\"fusion-toggle-icon-wrapper-sub\"><i class=\"fa-fusion-box active-icon awb-icon-minus\" aria-hidden=\"true\"><\/i><i class=\"fa-fusion-box inactive-icon awb-icon-plus\" aria-hidden=\"true\"><\/i><\/div><\/div><\/div><div class=\"fusion-toggle-heading\">\u00bfLa negociaci\u00f3n en los mercados financieros se ajusta a mis caracter\u00edsticas?<\/div><\/a><\/h4><\/div><div id=\"collapse-1-3589\" aria-labelledby=\"faq_1-3589\" class=\"panel-collapse collapse\"><div class=\"panel-body toggle-content post-content\"><p>Si usted es una persona tolerante y reacia al riesgo y tambi\u00e9n tiene el conocimiento para comerciar en este mercado o tiene consultores a su lado, este negocio puede ser una buena opci\u00f3n para usted.<\/p>\n<\/div><\/div><\/div><\/div><\/div><\/div><\/div><div class=\"fusion-separator fusion-full-width-sep\" style=\"align-self: center;margin-left: auto;margin-right: auto;margin-top:50px;width:100%;\"><\/div><\/div><\/div><\/div><\/div><\/p>\n","protected":false},"excerpt":{"rendered":"","protected":false},"author":1,"featured_media":0,"parent":0,"menu_order":0,"comment_status":"closed","ping_status":"closed","template":"100-width.php","meta":{"inline_featured_image":false,"footnotes":""},"class_list":["post-3611","page","type-page","status-publish","hentry"],"_links":{"self":[{"href":"https:\/\/nyxbroker.com\/es\/wp-json\/wp\/v2\/pages\/3611","targetHints":{"allow":["GET"]}}],"collection":[{"href":"https:\/\/nyxbroker.com\/es\/wp-json\/wp\/v2\/pages"}],"about":[{"href":"https:\/\/nyxbroker.com\/es\/wp-json\/wp\/v2\/types\/page"}],"author":[{"embeddable":true,"href":"https:\/\/nyxbroker.com\/es\/wp-json\/wp\/v2\/users\/1"}],"replies":[{"embeddable":true,"href":"https:\/\/nyxbroker.com\/es\/wp-json\/wp\/v2\/comments?post=3611"}],"version-history":[{"count":0,"href":"https:\/\/nyxbroker.com\/es\/wp-json\/wp\/v2\/pages\/3611\/revisions"}],"wp:attachment":[{"href":"https:\/\/nyxbroker.com\/es\/wp-json\/wp\/v2\/media?parent=3611"}],"curies":[{"name":"wp","href":"https:\/\/api.w.org\/{rel}","templated":true}]}}